{"id":8,"date":"2023-07-18T14:47:06","date_gmt":"2023-07-18T17:47:06","guid":{"rendered":"https:\/\/ceat.org.br\/vigilia\/?page_id=8"},"modified":"2023-07-31T16:45:50","modified_gmt":"2023-07-31T19:45:50","slug":"principal","status":"publish","type":"page","link":"https:\/\/ceat.org.br\/vigilia\/","title":{"rendered":"principal"},"content":{"rendered":"<p>[et_pb_section fb_built=&#8221;1&#8243; _builder_version=&#8221;4.21.0&#8243; _module_preset=&#8221;default&#8221; custom_margin=&#8221;0px||0px||true|false&#8221; custom_padding=&#8221;0px||0px||true|false&#8221; global_colors_info=&#8221;{}&#8221;][et_pb_row use_custom_gutter=&#8221;on&#8221; gutter_width=&#8221;1&#8243; _builder_version=&#8221;4.21.0&#8243; _module_preset=&#8221;default&#8221; background_image=&#8221;https:\/\/ceat.org.br\/vigilia\/wp-content\/uploads\/2023\/07\/fototravessiaBOA-scaled.jpg&#8221; width=&#8221;100%&#8221; max_width=&#8221;100%&#8221; module_alignment=&#8221;center&#8221; min_height=&#8221;950px&#8221; max_height=&#8221;950px&#8221; custom_margin=&#8221;0px||0px||true|false&#8221; custom_padding=&#8221;0px||0px||true|false&#8221; global_colors_info=&#8221;{}&#8221;][et_pb_column type=&#8221;4_4&#8243; _builder_version=&#8221;4.21.0&#8243; _module_preset=&#8221;default&#8221; global_colors_info=&#8221;{}&#8221;][et_pb_text _builder_version=&#8221;4.21.0&#8243; _module_preset=&#8221;default&#8221; text_font=&#8221;Roboto Condensed|300||on|||||&#8221; text_text_color=&#8221;#FFFFFF&#8221; text_font_size=&#8221;40px&#8221; text_line_height=&#8221;1em&#8221; background_color=&#8221;rgba(140,64,75,0.57)&#8221; text_orientation=&#8221;center&#8221; max_height=&#8221;50px&#8221; custom_margin=&#8221;471px||||false|false&#8221; custom_padding=&#8221;4px||30px||false|false&#8221; text_font_size_tablet=&#8221;40px&#8221; text_font_size_phone=&#8221;33px&#8221; text_font_size_last_edited=&#8221;on|phone&#8221; box_shadow_style=&#8221;preset5&#8243; box_shadow_vertical=&#8221;0px&#8221; box_shadow_spread=&#8221;3px&#8221; global_colors_info=&#8221;{}&#8221;]<\/p>\n<p>Vig\u00edlia | 1983 &#8211; 2023 | 40 anos<\/p>\n<p>[\/et_pb_text][et_pb_text _builder_version=&#8221;4.21.0&#8243; _module_preset=&#8221;default&#8221; text_font=&#8221;|600|||||||&#8221; text_text_color=&#8221;#FFFFFF&#8221; text_font_size=&#8221;16px&#8221; background_color=&#8221;#000000&#8243; text_orientation=&#8221;center&#8221; global_colors_info=&#8221;{}&#8221;]<\/p>\n<p>Estamos atualizando o site para as comemora\u00e7\u00f5es dos 40 anos da vig\u00edlia<\/p>\n<p>[\/et_pb_text][\/et_pb_column][\/et_pb_row][et_pb_row use_custom_gutter=&#8221;on&#8221; gutter_width=&#8221;1&#8243; _builder_version=&#8221;4.21.0&#8243; _module_preset=&#8221;default&#8221; width=&#8221;100%&#8221; max_width=&#8221;100%&#8221; custom_margin=&#8221;0px||0px||true|false&#8221; custom_padding=&#8221;0px||0px||true|false&#8221; global_colors_info=&#8221;{}&#8221;][et_pb_column type=&#8221;4_4&#8243; _builder_version=&#8221;4.21.0&#8243; _module_preset=&#8221;default&#8221; global_colors_info=&#8221;{}&#8221;][et_pb_text _builder_version=&#8221;4.21.0&#8243; _module_preset=&#8221;default&#8221; text_text_color=&#8221;#FFFFFF&#8221; background_color=&#8221;#840a1c&#8221; text_orientation=&#8221;center&#8221; global_colors_info=&#8221;{}&#8221;]<\/p>\n<p>Festa 30 anos vig\u00edlia | 09\/11\/13<\/p>\n<p>[\/et_pb_text][\/et_pb_column][\/et_pb_row][et_pb_row use_custom_gutter=&#8221;on&#8221; gutter_width=&#8221;1&#8243; _builder_version=&#8221;4.21.0&#8243; _module_preset=&#8221;default&#8221; width=&#8221;100%&#8221; max_width=&#8221;100%&#8221; custom_margin=&#8221;0px||||false|false&#8221; custom_padding=&#8221;0px||||false|false&#8221; global_colors_info=&#8221;{}&#8221;][et_pb_column type=&#8221;4_4&#8243; _builder_version=&#8221;4.21.0&#8243; _module_preset=&#8221;default&#8221; global_colors_info=&#8221;{}&#8221;][et_pb_gallery gallery_ids=&#8221;26074,26075,26073,26072,26070,26068,26067,26065,26064,26063,26062,26061,26060,26059,26057,26058,26056,26055,26054,26053,26052,26051,26050,26049,26048,26047,26046,26045,26043,26044,26042,26041,26040,26039,26037,26038,26036,26035,26034,26033,26032,26030,26031,26029,26028,26027,26026,26025,26024,26023,26022,26021,26020,26019,26018,26017,26015,26016,26014,26013,26012,26011,26010,26008,26007,26006,26005,26004,26003,26002,26001,26000,25999,25998,25997,25996,25995,25994,25993,25992,25991,25990,25988,25987,25986,25985,25984,25983,25980,25979,25977,25976,25975,25974,25973,25972,25971,25970,25969,25968,25967,25966,25964,25962,25961,25960,25958,25957,25956,25955,25954,25953,25952,25951,25950,25949&#8243; posts_number=&#8221;400&#8243; show_title_and_caption=&#8221;off&#8221; show_pagination=&#8221;off&#8221; _builder_version=&#8221;4.21.0&#8243; _module_preset=&#8221;default&#8221; global_colors_info=&#8221;{}&#8221;][\/et_pb_gallery][\/et_pb_column][\/et_pb_row][\/et_pb_section]<\/p>\n","protected":false},"excerpt":{"rendered":"<p>Vig\u00edlia | 1983 &#8211; 2023 | 40 anosEstamos atualizando o site para as comemora\u00e7\u00f5es dos 40 anos da vig\u00edliaFesta 30 anos vig\u00edlia | 09\/11\/13<\/p>\n","protected":false},"author":1,"featured_media":0,"parent":0,"menu_order":0,"comment_status":"closed","ping_status":"closed","template":"","meta":{"_et_pb_use_builder":"on","_et_pb_old_content":"","_et_gb_content_width":"","footnotes":""},"class_list":["post-8","page","type-page","status-publish","hentry"],"_links":{"self":[{"href":"https:\/\/ceat.org.br\/vigilia\/wp-json\/wp\/v2\/pages\/8","targetHints":{"allow":["GET"]}}],"collection":[{"href":"https:\/\/ceat.org.br\/vigilia\/wp-json\/wp\/v2\/pages"}],"about":[{"href":"https:\/\/ceat.org.br\/vigilia\/wp-json\/wp\/v2\/types\/page"}],"author":[{"embeddable":true,"href":"https:\/\/ceat.org.br\/vigilia\/wp-json\/wp\/v2\/users\/1"}],"replies":[{"embeddable":true,"href":"https:\/\/ceat.org.br\/vigilia\/wp-json\/wp\/v2\/comments?post=8"}],"version-history":[{"count":17,"href":"https:\/\/ceat.org.br\/vigilia\/wp-json\/wp\/v2\/pages\/8\/revisions"}],"predecessor-version":[{"id":26090,"href":"https:\/\/ceat.org.br\/vigilia\/wp-json\/wp\/v2\/pages\/8\/revisions\/26090"}],"wp:attachment":[{"href":"https:\/\/ceat.org.br\/vigilia\/wp-json\/wp\/v2\/media?parent=8"}],"curies":[{"name":"wp","href":"https:\/\/api.w.org\/{rel}","templated":true}]}}